{"id":28,"date":"2017-04-18T18:01:03","date_gmt":"2017-04-18T18:01:03","guid":{"rendered":"https:\/\/coneixermarata.wordpress.com\/?page_id=28"},"modified":"2018-01-01T17:21:09","modified_gmt":"2018-01-01T16:21:09","slug":"index","status":"publish","type":"page","link":"https:\/\/www.coneixermarata.cat\/index.php\/index\/","title":{"rendered":"\u00cdndex"},"content":{"rendered":"<div class=\"page\" title=\"Page 11\">\n<div class=\"layoutArea\">\n<div class=\"column\">\n<p style=\"text-align: left;\"><strong>Presentaci\u00f3 dels avis, 5<\/strong><br \/>\n<strong>Presentaci\u00f3 de l\u2019autora, 7<\/strong><br \/>\n<strong>Cr\u00e8dits, 8<\/strong><br \/>\n<strong> Agra\u00efments, 9<\/strong><br \/>\n<strong>No al 4t Cintur\u00f3, 13<\/strong><\/p>\n<p><strong>El nom de Marata, 15<\/strong><br \/>\nLes primeres refer\u00e8ncies i l\u2019origen del nom, 16<\/p>\n<p><strong>Les dades, 17<\/strong><br \/>\nExtensi\u00f3 geogr\u00e0fica i cens poblacional, 18<\/p>\n<p><strong>L\u2019activitat econ\u00f2mica, 19<\/strong><br \/>\nLa pagesia, 20<\/p>\n<p><strong>El patrimoni ambiental, 23<\/strong><br \/>\nEl medi natural, 24<br \/>\nEls valor dels terrenys agr\u00edcoles, 26<br \/>\nEl bosc de Can Ramis, 27<br \/>\nLa riera Carbonell i el torrent del Foguerar, 29<\/p>\n<p><strong>El patrimoni arquitect\u00f2nic, 33<\/strong><br \/>\nEls masos, 34<br \/>\nL\u2019esgl\u00e9sia de Santa Coloma, 41<br \/>\nLa Torre de Seva, 50<br \/>\nL\u2019escola, 52<br \/>\nLa casa de la mestra, 72<br \/>\nLa pla\u00e7a, 80<br \/>\nEl cementiri, 86<br \/>\nEl pedr\u00f3, 93<br \/>\nEl carregador, 94<\/p>\n<p><strong>El patrimoni etnogr\u00e0fic, 95<\/strong><br \/>\nL\u2019Espolsada, 96<br \/>\nEl peric\u00f3 de Marata, 112<\/p>\n<p><strong>L\u2019Administraci\u00f3, 113<\/strong><br \/>\nMarata i les Franqueses del Vall\u00e8s, 114<br \/>\nEls regidors maratencs, 116<br \/>\nMoviments per la independ\u00e8ncia de Marata de les Franqueses, 118<\/p>\n<\/div>\n<div class=\"column\">\n<p><strong>Les comunicacions, 125<\/strong><br \/>\nLa carretera, 126<br \/>\nLa construcci\u00f3 del pont, 130<br \/>\nEls camins, 135<br \/>\nLa l\u00ednia de tren, 145<\/p>\n<p><strong>L\u2019associacionisme, 147<\/strong><br \/>\nEntitats religioses, 148<br \/>\nEntitats laiques, 154<br \/>\nEntitats pol\u00edtiques, 157<\/p>\n<p><strong>Personatges destacats, 159<\/strong><br \/>\nFacundo Matheu i Cass\u00e0, 160<br \/>\nAntoni Marimon i Papasey, 163<\/p>\n<p><strong>Altres apunts hist\u00f2rics, 167<\/strong><br \/>\nL\u2019arribada de l\u2019electricitat, 168<br \/>\nL\u2019arribada del tel\u00e8fon, 169<br \/>\nLa Guerra Civil, 170<br \/>\nLa rectoria, 176<br \/>\nLes botigues de can Joanet i ca l\u2019Espernat i el bar de can Jaumira, 178<br \/>\nEls horts de la Torre de Seva, 180<br \/>\nPetites notes, 181<\/p>\n<p><strong>Les aficions, 185<\/strong><\/p>\n<p><strong>L\u2019esport, 189<\/strong><br \/>\nEquip de futbol, 190<br \/>\nEquip d\u2019handbol, 192<\/p>\n<p><strong>Les festes abans <\/strong><strong>del Centre Cultural de Marata, 195<\/strong><br \/>\nLes festivitats religioses, 196<br \/>\nLes festes majors, 209<\/p>\n<p><strong>Les fotos dels avis i \u00e0vies, 227<\/strong><\/p>\n<p><strong>Bibliografia, 230<\/strong><\/p>\n<\/div>\n<\/div>\n<\/div>\n","protected":false},"excerpt":{"rendered":"<p>Presentaci\u00f3 dels avis, 5 Presentaci\u00f3 de l\u2019autora, 7 Cr\u00e8dits, 8 Agra\u00efments, 9 No al 4t Cintur\u00f3, 13 El nom de Marata, 15 Les primeres refer\u00e8ncies i l\u2019origen del nom, 16 Les dades, 17 Extensi\u00f3 geogr\u00e0fica i cens poblacional, 18 L\u2019activitat econ\u00f2mica, 19 La pagesia, 20 El patrimoni ambiental, 23 El medi natural, 24 Els valor [&hellip;]<\/p>\n","protected":false},"author":1,"featured_media":187,"parent":0,"menu_order":0,"comment_status":"closed","ping_status":"closed","template":"","meta":[],"_links":{"self":[{"href":"https:\/\/www.coneixermarata.cat\/index.php\/wp-json\/wp\/v2\/pages\/28"}],"collection":[{"href":"https:\/\/www.coneixermarata.cat\/index.php\/wp-json\/wp\/v2\/pages"}],"about":[{"href":"https:\/\/www.coneixermarata.cat\/index.php\/wp-json\/wp\/v2\/types\/page"}],"author":[{"embeddable":true,"href":"https:\/\/www.coneixermarata.cat\/index.php\/wp-json\/wp\/v2\/users\/1"}],"replies":[{"embeddable":true,"href":"https:\/\/www.coneixermarata.cat\/index.php\/wp-json\/wp\/v2\/comments?post=28"}],"version-history":[{"count":7,"href":"https:\/\/www.coneixermarata.cat\/index.php\/wp-json\/wp\/v2\/pages\/28\/revisions"}],"predecessor-version":[{"id":704,"href":"https:\/\/www.coneixermarata.cat\/index.php\/wp-json\/wp\/v2\/pages\/28\/revisions\/704"}],"wp:featuredmedia":[{"embeddable":true,"href":"https:\/\/www.coneixermarata.cat\/index.php\/wp-json\/wp\/v2\/media\/187"}],"wp:attachment":[{"href":"https:\/\/www.coneixermarata.cat\/index.php\/wp-json\/wp\/v2\/media?parent=28"}],"curies":[{"name":"wp","href":"https:\/\/api.w.org\/{rel}","templated":true}]}}