{"id":607,"date":"2017-09-01T19:12:37","date_gmt":"2017-09-01T17:12:37","guid":{"rendered":"http:\/\/www.coneixermarata.cat\/?page_id=607"},"modified":"2018-01-01T15:26:21","modified_gmt":"2018-01-01T14:26:21","slug":"fotos","status":"publish","type":"page","link":"https:\/\/www.coneixermarata.cat\/index.php\/fotos\/","title":{"rendered":"Imatges"},"content":{"rendered":"<p>Tot seguit, es mostren algunes p\u00e0gines del llibre. Per veure-les b\u00e9, \u00e9s recomanable descarregar-les.<\/p>\n","protected":false},"excerpt":{"rendered":"<p>Tot seguit, es mostren algunes p\u00e0gines del llibre. Per veure-les b\u00e9, \u00e9s recomanable descarregar-les.<\/p>\n","protected":false},"author":1,"featured_media":0,"parent":0,"menu_order":0,"comment_status":"closed","ping_status":"closed","template":"page-templates\/front-page.php","meta":[],"_links":{"self":[{"href":"https:\/\/www.coneixermarata.cat\/index.php\/wp-json\/wp\/v2\/pages\/607"}],"collection":[{"href":"https:\/\/www.coneixermarata.cat\/index.php\/wp-json\/wp\/v2\/pages"}],"about":[{"href":"https:\/\/www.coneixermarata.cat\/index.php\/wp-json\/wp\/v2\/types\/page"}],"author":[{"embeddable":true,"href":"https:\/\/www.coneixermarata.cat\/index.php\/wp-json\/wp\/v2\/users\/1"}],"replies":[{"embeddable":true,"href":"https:\/\/www.coneixermarata.cat\/index.php\/wp-json\/wp\/v2\/comments?post=607"}],"version-history":[{"count":7,"href":"https:\/\/www.coneixermarata.cat\/index.php\/wp-json\/wp\/v2\/pages\/607\/revisions"}],"predecessor-version":[{"id":697,"href":"https:\/\/www.coneixermarata.cat\/index.php\/wp-json\/wp\/v2\/pages\/607\/revisions\/697"}],"wp:attachment":[{"href":"https:\/\/www.coneixermarata.cat\/index.php\/wp-json\/wp\/v2\/media?parent=607"}],"curies":[{"name":"wp","href":"https:\/\/api.w.org\/{rel}","templated":true}]}}