{"id":7,"date":"2017-04-18T16:07:11","date_gmt":"2017-04-18T16:07:11","guid":{"rendered":"https:\/\/coneixermarata.wordpress.com\/?page_id=5"},"modified":"2017-09-03T11:32:08","modified_gmt":"2017-09-03T09:32:08","slug":"portada","status":"publish","type":"page","link":"https:\/\/www.coneixermarata.cat\/index.php\/portada\/","title":{"rendered":"Portada i cr\u00e8dits"},"content":{"rendered":"<p>Llibre de 232 p\u00e0gines, ple de fotos i documents.<br \/>\nEn B\/N. Cinc p\u00e0gines a color. Edici\u00f3 2014<\/p>\n<p><strong>Recerca, redacci\u00f3, maquetaci\u00f3 i disseny:<\/strong> Merc\u00e8 Masjuan i Matheu<br \/>\n<strong>Portada<\/strong>: Eva Arrizabalaga i Blanch<br \/>\n<strong>Textos co\u0140laboradors<\/strong>: Maria Forns i Lloreda, pels regidors de Marata, i \u00c8lia Montagud i Blas, pel medi natural, el valor dels terrenys agr\u00edcoles i apunts en el bosc de can Ramis i la riera Carbonell<br \/>\n<strong>Presentaci\u00f3 dels avis<\/strong>: N\u00faria Bolt\u00e0 i Vilar\u00f3<br \/>\n<strong>Retoc de fotos<\/strong>: Merc\u00e8 Forns i Fradera i Merc\u00e8 Masjuan i Matheu<br \/>\n<strong>Assessorament ling\u00fc\u00edstic<\/strong>: Francesc Vall-llobera i Canet<\/p>\n","protected":false},"excerpt":{"rendered":"<p>Este es el extracto de la p\u00e1gina de inicio<\/p>\n","protected":false},"author":1,"featured_media":178,"parent":0,"menu_order":0,"comment_status":"closed","ping_status":"closed","template":"page-templates\/full-width.php","meta":[],"_links":{"self":[{"href":"https:\/\/www.coneixermarata.cat\/index.php\/wp-json\/wp\/v2\/pages\/7"}],"collection":[{"href":"https:\/\/www.coneixermarata.cat\/index.php\/wp-json\/wp\/v2\/pages"}],"about":[{"href":"https:\/\/www.coneixermarata.cat\/index.php\/wp-json\/wp\/v2\/types\/page"}],"author":[{"embeddable":true,"href":"https:\/\/www.coneixermarata.cat\/index.php\/wp-json\/wp\/v2\/users\/1"}],"replies":[{"embeddable":true,"href":"https:\/\/www.coneixermarata.cat\/index.php\/wp-json\/wp\/v2\/comments?post=7"}],"version-history":[{"count":24,"href":"https:\/\/www.coneixermarata.cat\/index.php\/wp-json\/wp\/v2\/pages\/7\/revisions"}],"predecessor-version":[{"id":623,"href":"https:\/\/www.coneixermarata.cat\/index.php\/wp-json\/wp\/v2\/pages\/7\/revisions\/623"}],"wp:featuredmedia":[{"embeddable":true,"href":"https:\/\/www.coneixermarata.cat\/index.php\/wp-json\/wp\/v2\/media\/178"}],"wp:attachment":[{"href":"https:\/\/www.coneixermarata.cat\/index.php\/wp-json\/wp\/v2\/media?parent=7"}],"curies":[{"name":"wp","href":"https:\/\/api.w.org\/{rel}","templated":true}]}}