{"id":8,"date":"2017-04-18T16:07:10","date_gmt":"2017-04-18T16:07:10","guid":{"rendered":"https:\/\/coneixermarata.wordpress.com\/?page_id=6"},"modified":"2017-12-07T18:31:29","modified_gmt":"2017-12-07T17:31:29","slug":"blog","status":"publish","type":"page","link":"https:\/\/www.coneixermarata.cat\/index.php\/blog\/","title":{"rendered":"Comentaris"},"content":{"rendered":"<p>Qualsevol aportaci\u00f3 i comentari \u00e9s benvingut. Gr\u00e0cies!<\/p>\n","protected":false},"excerpt":{"rendered":"<p>Este es solo un extracto de tu blog.<\/p>\n","protected":false},"author":1,"featured_media":0,"parent":0,"menu_order":3,"comment_status":"open","ping_status":"closed","template":"","meta":[],"_links":{"self":[{"href":"https:\/\/www.coneixermarata.cat\/index.php\/wp-json\/wp\/v2\/pages\/8"}],"collection":[{"href":"https:\/\/www.coneixermarata.cat\/index.php\/wp-json\/wp\/v2\/pages"}],"about":[{"href":"https:\/\/www.coneixermarata.cat\/index.php\/wp-json\/wp\/v2\/types\/page"}],"author":[{"embeddable":true,"href":"https:\/\/www.coneixermarata.cat\/index.php\/wp-json\/wp\/v2\/users\/1"}],"replies":[{"embeddable":true,"href":"https:\/\/www.coneixermarata.cat\/index.php\/wp-json\/wp\/v2\/comments?post=8"}],"version-history":[{"count":12,"href":"https:\/\/www.coneixermarata.cat\/index.php\/wp-json\/wp\/v2\/pages\/8\/revisions"}],"predecessor-version":[{"id":664,"href":"https:\/\/www.coneixermarata.cat\/index.php\/wp-json\/wp\/v2\/pages\/8\/revisions\/664"}],"wp:attachment":[{"href":"https:\/\/www.coneixermarata.cat\/index.php\/wp-json\/wp\/v2\/media?parent=8"}],"curies":[{"name":"wp","href":"https:\/\/api.w.org\/{rel}","templated":true}]}}